{"id":10441,"date":"2023-03-05T05:42:12","date_gmt":"2023-03-05T05:42:12","guid":{"rendered":"https:\/\/www.udanarandka.com\/reklama\/"},"modified":"2023-06-17T15:35:13","modified_gmt":"2023-06-17T15:35:13","slug":"pubblicita","status":"publish","type":"page","link":"https:\/\/www.udanarandka.com\/it\/pubblicita\/","title":{"rendered":"Pubblicit\u00e0 sul sito web"},"content":{"rendered":"<p>[et_pb_section fb_built=&#8221;1&#8243; _builder_version=&#8221;4.16&#8243; _module_preset=&#8221;default&#8221; custom_margin=&#8221;0px||||false|false&#8221; custom_padding=&#8221;0px||||false|false&#8221; global_colors_info=&#8221;{}&#8221; theme_builder_area=&#8221;post_content&#8221;][et_pb_row _builder_version=&#8221;4.16&#8243; _module_preset=&#8221;default&#8221; global_colors_info=&#8221;{}&#8221; theme_builder_area=&#8221;post_content&#8221;][et_pb_column type=&#8221;4_4&#8243; _builder_version=&#8221;4.16&#8243; _module_preset=&#8221;default&#8221; global_colors_info=&#8221;{}&#8221; theme_builder_area=&#8221;post_content&#8221;][et_pb_text _builder_version=&#8221;4.20.4&#8243; _module_preset=&#8221;default&#8221; hover_enabled=&#8221;0&#8243; global_colors_info=&#8221;{}&#8221; theme_builder_area=&#8221;post_content&#8221; sticky_enabled=&#8221;0&#8243;]<\/p>\n<p>Se state cercando un modo efficace ed efficiente per raggiungere migliaia di potenziali clienti, <a href=\"https:\/\/www.udanarandka.com\/it\/\">Udana Randka<\/a> \u00e8 il luogo perfetto per la vostra pubblicit\u00e0. Il nostro portale \u00e8 visitato regolarmente da un&#8217;ampia gamma di utenti che aiutiamo a trovare il partner o la relazione giusta.<\/p>\n<p>In quanto portale dedicato alle relazioni e ai rapporti interpersonali, siamo lieti di collaborare con diversi marchi. L&#8217;offerta di collaborazione comprende:<\/p>\n<p>Banner pubblicitari posizionati sulla homepage e sulle sottopagine<br \/>Sponsorizzazione di contenuti sul nostro blog<br \/>Post condivisi che promuovono i marchi sui nostri canali sociali<\/p>\n<p>Se siete interessati a collaborare, contattateci (la forma di contatto preferita \u00e8 l&#8217;e-mail: <a href=\"mailto:info@udanarandka.com\">info@udanarandka.com<\/a>) e definiremo insieme i dettagli.<\/p>\n<p>[\/et_pb_text][\/et_pb_column][\/et_pb_row][\/et_pb_section]<\/p>\n","protected":false},"excerpt":{"rendered":"<p>Se state cercando un modo efficace ed efficiente per raggiungere migliaia di potenziali clienti, Udana Randka \u00e8 il luogo perfetto per la vostra pubblicit\u00e0. Il nostro portale \u00e8 visitato regolarmente da un&#8217;ampia gamma di utenti che aiutiamo a trovare il partner o la relazione giusta. In quanto portale dedicato alle relazioni e ai rapporti interpersonali, [&hellip;]<\/p>\n","protected":false},"author":1,"featured_media":0,"parent":0,"menu_order":0,"comment_status":"closed","ping_status":"closed","template":"","meta":{"_et_pb_use_builder":"on","_et_pb_old_content":"","_et_gb_content_width":"","inline_featured_image":false,"yasr_overall_rating":0,"yasr_post_is_review":"","yasr_auto_insert_disabled":"yes","yasr_review_type":"","_glsr_average":0,"_glsr_ranking":0,"_glsr_reviews":0,"footnotes":""},"class_list":["post-10441","page","type-page","status-publish","hentry"],"yasr_visitor_votes":{"number_of_votes":0,"sum_votes":0,"stars_attributes":{"read_only":false,"span_bottom":false}},"_links":{"self":[{"href":"https:\/\/www.udanarandka.com\/it\/wp-json\/wp\/v2\/pages\/10441","targetHints":{"allow":["GET"]}}],"collection":[{"href":"https:\/\/www.udanarandka.com\/it\/wp-json\/wp\/v2\/pages"}],"about":[{"href":"https:\/\/www.udanarandka.com\/it\/wp-json\/wp\/v2\/types\/page"}],"author":[{"embeddable":true,"href":"https:\/\/www.udanarandka.com\/it\/wp-json\/wp\/v2\/users\/1"}],"replies":[{"embeddable":true,"href":"https:\/\/www.udanarandka.com\/it\/wp-json\/wp\/v2\/comments?post=10441"}],"version-history":[{"count":4,"href":"https:\/\/www.udanarandka.com\/it\/wp-json\/wp\/v2\/pages\/10441\/revisions"}],"predecessor-version":[{"id":10445,"href":"https:\/\/www.udanarandka.com\/it\/wp-json\/wp\/v2\/pages\/10441\/revisions\/10445"}],"wp:attachment":[{"href":"https:\/\/www.udanarandka.com\/it\/wp-json\/wp\/v2\/media?parent=10441"}],"curies":[{"name":"wp","href":"https:\/\/api.w.org\/{rel}","templated":true}]}}